{"id":971,"date":"2024-08-26T14:06:41","date_gmt":"2024-08-26T14:06:41","guid":{"rendered":"https:\/\/nkaix.com\/producte\/vol\/"},"modified":"2024-09-04T13:37:41","modified_gmt":"2024-09-04T13:37:41","slug":"vol","status":"publish","type":"product","link":"https:\/\/nkaix.com\/es\/producte\/vol\/","title":{"rendered":"VOL"},"content":{"rendered":"<p><strong>DESCRIPCI\u00d3N<\/strong><br \/>\nMueble bajo de televisi\u00f3n de dise\u00f1o, de madera de pino sostenible y montaje por sistema de encaje.<\/p>\n<p><strong>MATERIAL<br \/>\n<\/strong>Todos nuestros muebles est\u00e1n dise\u00f1ados con madera de pino contrachapada, procedente de plantaciones sostenibles.<br \/>\nLa madera contrachapada es un material formado por capas finas de madera, contrapuestas la una encima de la otra. El contrachapado es un material natural,\u00a0reciclable, resistente y muy estable. Se puede pintar, barnizar y si se raya o se mancha, se puede pulir. Los colores pueden sufrir variaciones a causa del navegador de internet, a la pantalla utilizada por el usuario o por la remesa de la madera utilizada al crear el mueble.<\/p>\n<p><strong>CARACTER\u00cdSTICAS<br \/>\n<\/strong>De f\u00e1cil montaje, con el m\u00ednimo de herramientas (clavos) necesarias para tu Seguridad. Formas org\u00e1nicas y sin aristas.<br \/>\nDise\u00f1o original fabricado en Vic (Catalunya).<br \/>\nProducci\u00f3n artesanal y limitada.<\/p>\n<p><strong>FORMATOS DISPONIBLES<br \/>\n<\/strong>Algunos modelos se pueden realizar a medida seg\u00fan las necesidades del cliente.<br \/>\nSi es tu caso, ponte en contacto con nosotros.<\/p>\n<p><strong>MEDIDAS<\/strong><br \/>\nMedidas estanter\u00eda: 180 x 80 x 35 cm.<br \/>\nMedidas de los agujeros: 62 x 12 x 34 cm | 43 x 13 x 34 cm<\/p>\n<p><strong>CUIDADO Y CONSERVACI\u00d3N DEL MUEBLE<\/strong><br \/>\nPara la conservaci\u00f3n de la madera natural de tu mueble te recomendamos:<\/p>\n<ul>\n<li>Limpiar el polvo con un pa\u00f1o suave de algod\u00f3n.<\/li>\n<li>Utilizar un papel de lija muy delgado o una goma de borrar para las manchas superficiales y peque\u00f1as rozaduras.<\/li>\n<li>Evitar colocar el mueble bajo la exposici\u00f3n directa del sol o fuentes de calor.<\/li>\n<li>Para una protecci\u00f3n \u00f3ptima del mueble, de puede utilizar aceite, cera o barniz. Con ellos puedes conservar tanto su aspecto natural original como darle su propio toque personal.<\/li>\n<\/ul>\n<p><strong>ENV\u00cdO<\/strong><br \/>\nTu mueble llegar\u00e1 en un plazo aproximado de 15-20 d\u00edas.<br \/>\nSiempre que podamos, te lo haremos llegar lo antes posible.<\/p>\n","protected":false},"excerpt":{"rendered":"<p><strong>DESCRIPCI\u00d3N<\/strong><br \/>\nMueble bajo de televisi\u00f3n de dise\u00f1o, de madera de pino sostenible y montaje por sistema de encaje.<\/p>\n<p><strong>MATERIAL<br \/>\n<\/strong>Todos nuestros muebles est\u00e1n dise\u00f1ados con madera de pino contrachapada, procedente de plantaciones sostenibles.<br \/>\nLa madera contrachapada es un material formado por capas finas de madera, contrapuestas la una encima de la otra. El contrachapado es un material natural,\u00a0reciclable, resistente y muy estable. Se puede pintar, barnizar y si se raya o se mancha, se puede pulir. Los colores pueden sufrir variaciones a causa del navegador de internet, a la pantalla utilizada por el usuario o por la remesa de la madera utilizada al crear el mueble.<\/p>\n<p><strong>CARACTER\u00cdSTICAS<br \/>\n<\/strong>De f\u00e1cil montaje, con el m\u00ednimo de herramientas (clavos) necesarias para tu Seguridad. Formas org\u00e1nicas y sin aristas.<br \/>\nDise\u00f1o original fabricado en Vic (Catalunya).<br \/>\nProducci\u00f3n artesanal y limitada.<\/p>\n<p><strong>FORMATOS DISPONIBLES<br \/>\n<\/strong>Algunos modelos se pueden realizar a medida seg\u00fan las necesidades del cliente.<br \/>\nSi es tu caso, ponte en contacto con nosotros.<\/p>\n<p><strong>MEDIDAS<\/strong><br \/>\nMedidas estanter\u00eda: 180 x 80 x 35 cm.<br \/>\nMedidas de los agujeros: 62 x 12 x 34 cm | 43 x 13 x 34 cm<\/p>\n<p><strong>CUIDADO Y CONSERVACI\u00d3N DEL MUEBLE<\/strong><br \/>\nPara la conservaci\u00f3n de la madera natural de tu mueble te recomendamos:<\/p>\n<ul>\n<li>Limpiar el polvo con un pa\u00f1o suave de algod\u00f3n.<\/li>\n<li>Utilizar un papel de lija muy delgado o una goma de borrar para las manchas superficiales y peque\u00f1as rozaduras.<\/li>\n<li>Evitar colocar el mueble bajo la exposici\u00f3n directa del sol o fuentes de calor.<\/li>\n<li>Para una protecci\u00f3n \u00f3ptima del mueble, de puede utilizar aceite, cera o barniz. Con ellos puedes conservar tanto su aspecto natural original como darle su propio toque personal.<\/li>\n<\/ul>\n<p><strong>ENV\u00cdO<\/strong><br \/>\nTu mueble llegar\u00e1 en un plazo aproximado de 15-20 d\u00edas.<br \/>\nSiempre que podamos, te lo haremos llegar lo antes posible.<\/p>\n","protected":false},"featured_media":816,"comment_status":"open","ping_status":"closed","template":"","meta":{"site-sidebar-layout":"default","site-content-layout":"","ast-site-content-layout":"default","site-content-style":"default","site-sidebar-style":"default","ast-global-header-display":"","ast-banner-title-visibility":"","ast-main-header-display":"","ast-hfb-above-header-display":"","ast-hfb-below-header-display":"","ast-hfb-mobile-header-display":"","site-post-title":"","ast-breadcrumbs-content":"","ast-featured-img":"","footer-sml-layout":"","theme-transparent-header-meta":"default","adv-header-id-meta":"","stick-header-meta":"default","header-above-stick-meta":"","header-main-stick-meta":"","header-below-stick-meta":"","astra-migrate-meta-layouts":"set","ast-page-background-enabled":"default","ast-page-background-meta":{"desktop":{"background-color":"var(--ast-global-color-4)","background-image":"","background-repeat":"repeat","background-position":"center center","background-size":"auto","background-attachment":"scroll","background-type":"","background-media":"","overlay-type":"","overlay-color":"","overlay-opacity":"","overlay-gradient":""},"tablet":{"background-color":"","background-image":"","background-repeat":"repeat","background-position":"center center","background-size":"auto","background-attachment":"scroll","background-type":"","background-media":"","overlay-type":"","overlay-color":"","overlay-opacity":"","overlay-gradient":""},"mobile":{"background-color":"","background-image":"","background-repeat":"repeat","background-position":"center center","background-size":"auto","background-attachment":"scroll","background-type":"","background-media":"","overlay-type":"","overlay-color":"","overlay-opacity":"","overlay-gradient":""}},"ast-content-background-meta":{"desktop":{"background-color":"var(--ast-global-color-5)","background-image":"","background-repeat":"repeat","background-position":"center center","background-size":"auto","background-attachment":"scroll","background-type":"","background-media":"","overlay-type":"","overlay-color":"","overlay-opacity":"","overlay-gradient":""},"tablet":{"background-color":"var(--ast-global-color-5)","background-image":"","background-repeat":"repeat","background-position":"center center","background-size":"auto","background-attachment":"scroll","background-type":"","background-media":"","overlay-type":"","overlay-color":"","overlay-opacity":"","overlay-gradient":""},"mobile":{"background-color":"var(--ast-global-color-5)","background-image":"","background-repeat":"repeat","background-position":"center center","background-size":"auto","background-attachment":"scroll","background-type":"","background-media":"","overlay-type":"","overlay-color":"","overlay-opacity":"","overlay-gradient":""}}},"product_cat":[40],"product_tag":[],"class_list":{"0":"post-971","1":"product","2":"type-product","3":"status-publish","4":"has-post-thumbnail","6":"product_cat-eros-es","7":"desktop-align-left","8":"tablet-align-left","9":"mobile-align-left","10":"ast-product-gallery-layout-horizontal-slider","11":"ast-product-tabs-layout-horizontal","13":"first","14":"instock","15":"shipping-taxable","16":"purchasable","17":"product-type-simple"},"yoast_head":"<!-- This site is optimized with the Yoast SEO plugin v23.4 - https:\/\/yoast.com\/wordpress\/plugins\/seo\/ -->\n<title>VOL - Nkaix - On tot encaixa<\/title>\n<meta name=\"robots\" content=\"index, follow, max-snippet:-1, max-image-preview:large, max-video-preview:-1\" \/>\n<link rel=\"canonical\" href=\"https:\/\/nkaix.com\/es\/producte\/vol\/\" \/>\n<meta property=\"og:locale\" content=\"es_ES\" \/>\n<meta property=\"og:type\" content=\"article\" \/>\n<meta property=\"og:title\" content=\"VOL - Nkaix - On tot encaixa\" \/>\n<meta property=\"og:description\" content=\"DESCRIPCI\u00d3N Mueble bajo de televisi\u00f3n de dise\u00f1o, de madera de pino sostenible y montaje por sistema de encaje.  MATERIAL Todos nuestros muebles est\u00e1n dise\u00f1ados con madera de pino contrachapada, procedente de plantaciones sostenibles. La madera contrachapada es un material formado por capas finas de madera, contrapuestas la una encima de la otra. El contrachapado es un material natural,\u00a0reciclable, resistente y muy estable. Se puede pintar, barnizar y si se raya o se mancha, se puede pulir. Los colores pueden sufrir variaciones a causa del navegador de internet, a la pantalla utilizada por el usuario o por la remesa de la madera utilizada al crear el mueble.  CARACTER\u00cdSTICAS De f\u00e1cil montaje, con el m\u00ednimo de herramientas (clavos) necesarias para tu Seguridad. Formas org\u00e1nicas y sin aristas. Dise\u00f1o original fabricado en Vic (Catalunya). Producci\u00f3n artesanal y limitada.  FORMATOS DISPONIBLES Algunos modelos se pueden realizar a medida seg\u00fan las necesidades del cliente. Si es tu caso, ponte en contacto con nosotros.  MEDIDAS Medidas estanter\u00eda: 180 x 80 x 35 cm. Medidas de los agujeros: 62 x 12 x 34 cm | 43 x 13 x 34 cm  CUIDADO Y CONSERVACI\u00d3N DEL MUEBLE Para la conservaci\u00f3n de la madera natural de tu mueble te recomendamos:   Limpiar el polvo con un pa\u00f1o suave de algod\u00f3n.  Utilizar un papel de lija muy delgado o una goma de borrar para las manchas superficiales y peque\u00f1as rozaduras.  Evitar colocar el mueble bajo la exposici\u00f3n directa del sol o fuentes de calor.  Para una protecci\u00f3n \u00f3ptima del mueble, de puede utilizar aceite, cera o barniz. Con ellos puedes conservar tanto su aspecto natural original como darle su propio toque personal.  ENV\u00cdO Tu mueble llegar\u00e1 en un plazo aproximado de 15-20 d\u00edas. Siempre que podamos, te lo haremos llegar lo antes posible.\" \/>\n<meta property=\"og:url\" content=\"https:\/\/nkaix.com\/es\/producte\/vol\/\" \/>\n<meta property=\"og:site_name\" content=\"Nkaix - On tot encaixa\" \/>\n<meta property=\"article:modified_time\" content=\"2024-09-04T13:37:41+00:00\" \/>\n<meta property=\"og:image\" content=\"https:\/\/nkaix.com\/wp-content\/uploads\/2024\/08\/PRODUCTE_VOL_3.jpg\" \/>\n\t<meta property=\"og:image:width\" content=\"1080\" \/>\n\t<meta property=\"og:image:height\" content=\"1080\" \/>\n\t<meta property=\"og:image:type\" content=\"image\/jpeg\" \/>\n<meta name=\"twitter:card\" content=\"summary_large_image\" \/>\n<meta name=\"twitter:label1\" content=\"Tiempo de lectura\" \/>\n\t<meta name=\"twitter:data1\" content=\"2 minutos\" \/>\n<script type=\"application\/ld+json\" class=\"yoast-schema-graph\">{\"@context\":\"https:\/\/schema.org\",\"@graph\":[{\"@type\":\"WebPage\",\"@id\":\"https:\/\/nkaix.com\/es\/producte\/vol\/\",\"url\":\"https:\/\/nkaix.com\/es\/producte\/vol\/\",\"name\":\"VOL - Nkaix - On tot encaixa\",\"isPartOf\":{\"@id\":\"https:\/\/nkaix.com\/#website\"},\"primaryImageOfPage\":{\"@id\":\"https:\/\/nkaix.com\/es\/producte\/vol\/#primaryimage\"},\"image\":{\"@id\":\"https:\/\/nkaix.com\/es\/producte\/vol\/#primaryimage\"},\"thumbnailUrl\":\"https:\/\/nkaix.com\/wp-content\/uploads\/2024\/08\/PRODUCTE_VOL_3.jpg\",\"datePublished\":\"2024-08-26T14:06:41+00:00\",\"dateModified\":\"2024-09-04T13:37:41+00:00\",\"breadcrumb\":{\"@id\":\"https:\/\/nkaix.com\/es\/producte\/vol\/#breadcrumb\"},\"inLanguage\":\"es\",\"potentialAction\":[{\"@type\":\"ReadAction\",\"target\":[\"https:\/\/nkaix.com\/es\/producte\/vol\/\"]}]},{\"@type\":\"ImageObject\",\"inLanguage\":\"es\",\"@id\":\"https:\/\/nkaix.com\/es\/producte\/vol\/#primaryimage\",\"url\":\"https:\/\/nkaix.com\/wp-content\/uploads\/2024\/08\/PRODUCTE_VOL_3.jpg\",\"contentUrl\":\"https:\/\/nkaix.com\/wp-content\/uploads\/2024\/08\/PRODUCTE_VOL_3.jpg\",\"width\":1080,\"height\":1080},{\"@type\":\"BreadcrumbList\",\"@id\":\"https:\/\/nkaix.com\/es\/producte\/vol\/#breadcrumb\",\"itemListElement\":[{\"@type\":\"ListItem\",\"position\":1,\"name\":\"Home\",\"item\":\"https:\/\/nkaix.com\/es\/\"},{\"@type\":\"ListItem\",\"position\":2,\"name\":\"Tienda\",\"item\":\"https:\/\/nkaix.com\/tienda\/\"},{\"@type\":\"ListItem\",\"position\":3,\"name\":\"VOL\"}]},{\"@type\":\"WebSite\",\"@id\":\"https:\/\/nkaix.com\/#website\",\"url\":\"https:\/\/nkaix.com\/\",\"name\":\"Nkaix - On tot encaixa\",\"description\":\"On tot encaixa\",\"publisher\":{\"@id\":\"https:\/\/nkaix.com\/#organization\"},\"potentialAction\":[{\"@type\":\"SearchAction\",\"target\":{\"@type\":\"EntryPoint\",\"urlTemplate\":\"https:\/\/nkaix.com\/?s={search_term_string}\"},\"query-input\":{\"@type\":\"PropertyValueSpecification\",\"valueRequired\":true,\"valueName\":\"search_term_string\"}}],\"inLanguage\":\"es\"},{\"@type\":\"Organization\",\"@id\":\"https:\/\/nkaix.com\/#organization\",\"name\":\"Nkaix - On tot encaixa\",\"url\":\"https:\/\/nkaix.com\/\",\"logo\":{\"@type\":\"ImageObject\",\"inLanguage\":\"es\",\"@id\":\"https:\/\/nkaix.com\/#\/schema\/logo\/image\/\",\"url\":\"https:\/\/nkaix.com\/wp-content\/uploads\/2024\/08\/cropped-iso_tag_groc.png\",\"contentUrl\":\"https:\/\/nkaix.com\/wp-content\/uploads\/2024\/08\/cropped-iso_tag_groc.png\",\"width\":449,\"height\":207,\"caption\":\"Nkaix - On tot encaixa\"},\"image\":{\"@id\":\"https:\/\/nkaix.com\/#\/schema\/logo\/image\/\"}}]}<\/script>\n<!-- \/ Yoast SEO plugin. -->","yoast_head_json":{"title":"VOL - Nkaix - On tot encaixa","robots":{"index":"index","follow":"follow","max-snippet":"max-snippet:-1","max-image-preview":"max-image-preview:large","max-video-preview":"max-video-preview:-1"},"canonical":"https:\/\/nkaix.com\/es\/producte\/vol\/","og_locale":"es_ES","og_type":"article","og_title":"VOL - Nkaix - On tot encaixa","og_description":"DESCRIPCI\u00d3N Mueble bajo de televisi\u00f3n de dise\u00f1o, de madera de pino sostenible y montaje por sistema de encaje.  MATERIAL Todos nuestros muebles est\u00e1n dise\u00f1ados con madera de pino contrachapada, procedente de plantaciones sostenibles. La madera contrachapada es un material formado por capas finas de madera, contrapuestas la una encima de la otra. El contrachapado es un material natural,\u00a0reciclable, resistente y muy estable. Se puede pintar, barnizar y si se raya o se mancha, se puede pulir. Los colores pueden sufrir variaciones a causa del navegador de internet, a la pantalla utilizada por el usuario o por la remesa de la madera utilizada al crear el mueble.  CARACTER\u00cdSTICAS De f\u00e1cil montaje, con el m\u00ednimo de herramientas (clavos) necesarias para tu Seguridad. Formas org\u00e1nicas y sin aristas. Dise\u00f1o original fabricado en Vic (Catalunya). Producci\u00f3n artesanal y limitada.  FORMATOS DISPONIBLES Algunos modelos se pueden realizar a medida seg\u00fan las necesidades del cliente. Si es tu caso, ponte en contacto con nosotros.  MEDIDAS Medidas estanter\u00eda: 180 x 80 x 35 cm. Medidas de los agujeros: 62 x 12 x 34 cm | 43 x 13 x 34 cm  CUIDADO Y CONSERVACI\u00d3N DEL MUEBLE Para la conservaci\u00f3n de la madera natural de tu mueble te recomendamos:   Limpiar el polvo con un pa\u00f1o suave de algod\u00f3n.  Utilizar un papel de lija muy delgado o una goma de borrar para las manchas superficiales y peque\u00f1as rozaduras.  Evitar colocar el mueble bajo la exposici\u00f3n directa del sol o fuentes de calor.  Para una protecci\u00f3n \u00f3ptima del mueble, de puede utilizar aceite, cera o barniz. Con ellos puedes conservar tanto su aspecto natural original como darle su propio toque personal.  ENV\u00cdO Tu mueble llegar\u00e1 en un plazo aproximado de 15-20 d\u00edas. Siempre que podamos, te lo haremos llegar lo antes posible.","og_url":"https:\/\/nkaix.com\/es\/producte\/vol\/","og_site_name":"Nkaix - On tot encaixa","article_modified_time":"2024-09-04T13:37:41+00:00","og_image":[{"width":1080,"height":1080,"url":"https:\/\/nkaix.com\/wp-content\/uploads\/2024\/08\/PRODUCTE_VOL_3.jpg","type":"image\/jpeg"}],"twitter_card":"summary_large_image","twitter_misc":{"Tiempo de lectura":"2 minutos"},"schema":{"@context":"https:\/\/schema.org","@graph":[{"@type":"WebPage","@id":"https:\/\/nkaix.com\/es\/producte\/vol\/","url":"https:\/\/nkaix.com\/es\/producte\/vol\/","name":"VOL - Nkaix - On tot encaixa","isPartOf":{"@id":"https:\/\/nkaix.com\/#website"},"primaryImageOfPage":{"@id":"https:\/\/nkaix.com\/es\/producte\/vol\/#primaryimage"},"image":{"@id":"https:\/\/nkaix.com\/es\/producte\/vol\/#primaryimage"},"thumbnailUrl":"https:\/\/nkaix.com\/wp-content\/uploads\/2024\/08\/PRODUCTE_VOL_3.jpg","datePublished":"2024-08-26T14:06:41+00:00","dateModified":"2024-09-04T13:37:41+00:00","breadcrumb":{"@id":"https:\/\/nkaix.com\/es\/producte\/vol\/#breadcrumb"},"inLanguage":"es","potentialAction":[{"@type":"ReadAction","target":["https:\/\/nkaix.com\/es\/producte\/vol\/"]}]},{"@type":"ImageObject","inLanguage":"es","@id":"https:\/\/nkaix.com\/es\/producte\/vol\/#primaryimage","url":"https:\/\/nkaix.com\/wp-content\/uploads\/2024\/08\/PRODUCTE_VOL_3.jpg","contentUrl":"https:\/\/nkaix.com\/wp-content\/uploads\/2024\/08\/PRODUCTE_VOL_3.jpg","width":1080,"height":1080},{"@type":"BreadcrumbList","@id":"https:\/\/nkaix.com\/es\/producte\/vol\/#breadcrumb","itemListElement":[{"@type":"ListItem","position":1,"name":"Home","item":"https:\/\/nkaix.com\/es\/"},{"@type":"ListItem","position":2,"name":"Tienda","item":"https:\/\/nkaix.com\/tienda\/"},{"@type":"ListItem","position":3,"name":"VOL"}]},{"@type":"WebSite","@id":"https:\/\/nkaix.com\/#website","url":"https:\/\/nkaix.com\/","name":"Nkaix - On tot encaixa","description":"On tot encaixa","publisher":{"@id":"https:\/\/nkaix.com\/#organization"},"potentialAction":[{"@type":"SearchAction","target":{"@type":"EntryPoint","urlTemplate":"https:\/\/nkaix.com\/?s={search_term_string}"},"query-input":{"@type":"PropertyValueSpecification","valueRequired":true,"valueName":"search_term_string"}}],"inLanguage":"es"},{"@type":"Organization","@id":"https:\/\/nkaix.com\/#organization","name":"Nkaix - On tot encaixa","url":"https:\/\/nkaix.com\/","logo":{"@type":"ImageObject","inLanguage":"es","@id":"https:\/\/nkaix.com\/#\/schema\/logo\/image\/","url":"https:\/\/nkaix.com\/wp-content\/uploads\/2024\/08\/cropped-iso_tag_groc.png","contentUrl":"https:\/\/nkaix.com\/wp-content\/uploads\/2024\/08\/cropped-iso_tag_groc.png","width":449,"height":207,"caption":"Nkaix - On tot encaixa"},"image":{"@id":"https:\/\/nkaix.com\/#\/schema\/logo\/image\/"}}]}},"_links":{"self":[{"href":"https:\/\/nkaix.com\/es\/wp-json\/wp\/v2\/product\/971"}],"collection":[{"href":"https:\/\/nkaix.com\/es\/wp-json\/wp\/v2\/product"}],"about":[{"href":"https:\/\/nkaix.com\/es\/wp-json\/wp\/v2\/types\/product"}],"replies":[{"embeddable":true,"href":"https:\/\/nkaix.com\/es\/wp-json\/wp\/v2\/comments?post=971"}],"wp:featuredmedia":[{"embeddable":true,"href":"https:\/\/nkaix.com\/es\/wp-json\/wp\/v2\/media\/816"}],"wp:attachment":[{"href":"https:\/\/nkaix.com\/es\/wp-json\/wp\/v2\/media?parent=971"}],"wp:term":[{"taxonomy":"product_cat","embeddable":true,"href":"https:\/\/nkaix.com\/es\/wp-json\/wp\/v2\/product_cat?post=971"},{"taxonomy":"product_tag","embeddable":true,"href":"https:\/\/nkaix.com\/es\/wp-json\/wp\/v2\/product_tag?post=971"}],"curies":[{"name":"wp","href":"https:\/\/api.w.org\/{rel}","templated":true}]}}