{"id":893,"date":"2024-08-19T17:11:58","date_gmt":"2024-08-19T17:11:58","guid":{"rendered":"https:\/\/nkaix.com\/la-tienda\/"},"modified":"2024-08-30T13:52:40","modified_gmt":"2024-08-30T13:52:40","slug":"la-tienda","status":"publish","type":"page","link":"https:\/\/nkaix.com\/es\/la-tienda\/","title":{"rendered":"LA TIENDA"},"content":{"rendered":"\t\t<div data-elementor-type=\"wp-page\" data-elementor-id=\"893\" class=\"elementor elementor-893 elementor-388\" data-elementor-post-type=\"page\">\n\t\t\t\t\t\t<section class=\"elementor-section elementor-top-section elementor-element elementor-element-215db6c elementor-section-boxed elementor-section-height-default elementor-section-height-default\" data-id=\"215db6c\" data-element_type=\"section\">\n\t\t\t\t\t\t<div class=\"elementor-container elementor-column-gap-default\">\n\t\t\t\t\t<div class=\"elementor-column elementor-col-100 elementor-top-column elementor-element elementor-element-71efbc3\" data-id=\"71efbc3\" data-element_type=\"column\">\n\t\t\t<div class=\"elementor-widget-wrap elementor-element-populated\">\n\t\t\t\t\t\t<div class=\"elementor-element elementor-element-03dae68 elementor-align-center elementor-widget elementor-widget-button\" data-id=\"03dae68\" data-element_type=\"widget\" data-widget_type=\"button.default\">\n\t\t\t\t<div class=\"elementor-widget-container\">\n\t\t\t\t\t<div class=\"elementor-button-wrapper\">\n\t\t\t<a class=\"elementor-button elementor-size-sm\" role=\"button\">\n\t\t\t\t\t\t<span class=\"elementor-button-content-wrapper\">\n\t\t\t\t\t\t\t\t\t<span class=\"elementor-button-text\">COLECCIONES<\/span>\n\t\t\t\t\t<\/span>\n\t\t\t\t\t<\/a>\n\t\t<\/div>\n\t\t\t\t<\/div>\n\t\t\t\t<\/div>\n\t\t\t\t\t<\/div>\n\t\t<\/div>\n\t\t\t\t\t<\/div>\n\t\t<\/section>\n\t\t\t\t<section class=\"elementor-section elementor-top-section elementor-element elementor-element-c7ad500 elementor-section-boxed elementor-section-height-default elementor-section-height-default\" data-id=\"c7ad500\" data-element_type=\"section\">\n\t\t\t\t\t\t<div class=\"elementor-container elementor-column-gap-default\">\n\t\t\t\t\t<div class=\"elementor-column elementor-col-100 elementor-top-column elementor-element elementor-element-d973131\" data-id=\"d973131\" data-element_type=\"column\">\n\t\t\t<div class=\"elementor-widget-wrap elementor-element-populated\">\n\t\t\t\t\t\t<div class=\"elementor-element elementor-element-6deda05 elementor-widget elementor-widget-text-editor\" data-id=\"6deda05\" data-element_type=\"widget\" data-widget_type=\"text-editor.default\">\n\t\t\t\t<div class=\"elementor-widget-container\">\n\t\t\t<style>\/*! elementor - v3.23.0 - 05-08-2024 *\/\n.elementor-widget-text-editor.elementor-drop-cap-view-stacked .elementor-drop-cap{background-color:#69727d;color:#fff}.elementor-widget-text-editor.elementor-drop-cap-view-framed .elementor-drop-cap{color:#69727d;border:3px solid;background-color:transparent}.elementor-widget-text-editor:not(.elementor-drop-cap-view-default) .elementor-drop-cap{margin-top:8px}.elementor-widget-text-editor:not(.elementor-drop-cap-view-default) .elementor-drop-cap-letter{width:1em;height:1em}.elementor-widget-text-editor .elementor-drop-cap{float:left;text-align:center;line-height:1;font-size:50px}.elementor-widget-text-editor .elementor-drop-cap-letter{display:inline-block}<\/style>\t\t\t\tInspiradas en la naturaleza. Sobriedad. Elegancia. Cada una con su propia personalidad.     \t\t\t\t\t\t<\/div>\n\t\t\t\t<\/div>\n\t\t\t\t\t<\/div>\n\t\t<\/div>\n\t\t\t\t\t<\/div>\n\t\t<\/section>\n\t\t\t\t<section class=\"elementor-section elementor-top-section elementor-element elementor-element-cf6e504 elementor-section-boxed elementor-section-height-default elementor-section-height-default\" data-id=\"cf6e504\" data-element_type=\"section\">\n\t\t\t\t\t\t<div class=\"elementor-container elementor-column-gap-default\">\n\t\t\t\t\t<div class=\"elementor-column elementor-col-100 elementor-top-column elementor-element elementor-element-2f16b04\" data-id=\"2f16b04\" data-element_type=\"column\">\n\t\t\t<div class=\"elementor-widget-wrap elementor-element-populated\">\n\t\t\t\t\t\t<section class=\"elementor-section elementor-inner-section elementor-element elementor-element-569aa65 elementor-section-boxed elementor-section-height-default elementor-section-height-default\" data-id=\"569aa65\" data-element_type=\"section\">\n\t\t\t\t\t\t<div class=\"elementor-container elementor-column-gap-wider\">\n\t\t\t\t\t<div class=\"elementor-column elementor-col-50 elementor-inner-column elementor-element elementor-element-c0c8c55\" data-id=\"c0c8c55\" data-element_type=\"column\">\n\t\t\t<div class=\"elementor-widget-wrap elementor-element-populated\">\n\t\t\t\t\t\t<div class=\"elementor-element elementor-element-37a2451 elementor-widget elementor-widget-image\" data-id=\"37a2451\" data-element_type=\"widget\" data-widget_type=\"image.default\">\n\t\t\t\t<div class=\"elementor-widget-container\">\n\t\t\t<style>\/*! elementor - v3.23.0 - 05-08-2024 *\/\n.elementor-widget-image{text-align:center}.elementor-widget-image a{display:inline-block}.elementor-widget-image a img[src$=\".svg\"]{width:48px}.elementor-widget-image img{vertical-align:middle;display:inline-block}<\/style>\t\t\t\t\t\t\t\t\t\t\t<a href=\"https:\/\/nkaix.com\/categoria-producte\/eros\/\">\n\t\t\t\t\t\t\t<img fetchpriority=\"high\" decoding=\"async\" width=\"1024\" height=\"1024\" src=\"https:\/\/nkaix.com\/wp-content\/uploads\/2024\/08\/PORTADA_EROS-1024x1024.jpg\" class=\"attachment-large size-large wp-image-389\" alt=\"mobles de disseny en fusta\" srcset=\"https:\/\/nkaix.com\/wp-content\/uploads\/2024\/08\/PORTADA_EROS-1024x1024.jpg 1024w, https:\/\/nkaix.com\/wp-content\/uploads\/2024\/08\/PORTADA_EROS-300x300.jpg 300w, https:\/\/nkaix.com\/wp-content\/uploads\/2024\/08\/PORTADA_EROS-100x100.jpg 100w, https:\/\/nkaix.com\/wp-content\/uploads\/2024\/08\/PORTADA_EROS-600x600.jpg 600w, https:\/\/nkaix.com\/wp-content\/uploads\/2024\/08\/PORTADA_EROS-150x150.jpg 150w, https:\/\/nkaix.com\/wp-content\/uploads\/2024\/08\/PORTADA_EROS-768x768.jpg 768w, https:\/\/nkaix.com\/wp-content\/uploads\/2024\/08\/PORTADA_EROS.jpg 1080w\" sizes=\"(max-width: 1024px) 100vw, 1024px\" \/>\t\t\t\t\t\t\t\t<\/a>\n\t\t\t\t\t\t\t\t\t\t\t\t\t<\/div>\n\t\t\t\t<\/div>\n\t\t\t\t<div class=\"elementor-element elementor-element-9fc3428 elementor-widget elementor-widget-text-editor\" data-id=\"9fc3428\" data-element_type=\"widget\" data-widget_type=\"text-editor.default\">\n\t\t\t\t<div class=\"elementor-widget-container\">\n\t\t\t\t\t\t\t<p>Curvas. Sensibilidad y caricias.<br \/> Formas org\u00e1nicas. <\/p>\n\t\t\t\t\t\t<\/div>\n\t\t\t\t<\/div>\n\t\t\t\t\t<\/div>\n\t\t<\/div>\n\t\t\t\t<div class=\"elementor-column elementor-col-50 elementor-inner-column elementor-element elementor-element-43f6b1f\" data-id=\"43f6b1f\" data-element_type=\"column\">\n\t\t\t<div class=\"elementor-widget-wrap elementor-element-populated\">\n\t\t\t\t\t\t<div class=\"elementor-element elementor-element-ab7097d elementor-widget elementor-widget-image\" data-id=\"ab7097d\" data-element_type=\"widget\" data-widget_type=\"image.default\">\n\t\t\t\t<div class=\"elementor-widget-container\">\n\t\t\t\t\t\t\t\t\t\t\t\t\t\t<a href=\"https:\/\/nkaix.com\/categoria-producte\/vital\/\">\n\t\t\t\t\t\t\t<img decoding=\"async\" width=\"1024\" height=\"1024\" src=\"https:\/\/nkaix.com\/wp-content\/uploads\/2024\/08\/PORTADA_VITAL-1024x1024.jpg\" class=\"attachment-large size-large wp-image-390\" alt=\"Mobles de disseny\" srcset=\"https:\/\/nkaix.com\/wp-content\/uploads\/2024\/08\/PORTADA_VITAL-1024x1024.jpg 1024w, https:\/\/nkaix.com\/wp-content\/uploads\/2024\/08\/PORTADA_VITAL-300x300.jpg 300w, https:\/\/nkaix.com\/wp-content\/uploads\/2024\/08\/PORTADA_VITAL-100x100.jpg 100w, https:\/\/nkaix.com\/wp-content\/uploads\/2024\/08\/PORTADA_VITAL-600x600.jpg 600w, https:\/\/nkaix.com\/wp-content\/uploads\/2024\/08\/PORTADA_VITAL-150x150.jpg 150w, https:\/\/nkaix.com\/wp-content\/uploads\/2024\/08\/PORTADA_VITAL-768x768.jpg 768w, https:\/\/nkaix.com\/wp-content\/uploads\/2024\/08\/PORTADA_VITAL.jpg 1080w\" sizes=\"(max-width: 1024px) 100vw, 1024px\" \/>\t\t\t\t\t\t\t\t<\/a>\n\t\t\t\t\t\t\t\t\t\t\t\t\t<\/div>\n\t\t\t\t<\/div>\n\t\t\t\t<div class=\"elementor-element elementor-element-a1bcce5 elementor-widget elementor-widget-text-editor\" data-id=\"a1bcce5\" data-element_type=\"widget\" data-widget_type=\"text-editor.default\">\n\t\t\t\t<div class=\"elementor-widget-container\">\n\t\t\t\t\t\t\t<p>\u00c1ngulos. Potencia y acci\u00f3n. <br \/>Formas salvajes.<\/p>\n\t\t\t\t\t\t<\/div>\n\t\t\t\t<\/div>\n\t\t\t\t\t<\/div>\n\t\t<\/div>\n\t\t\t\t\t<\/div>\n\t\t<\/section>\n\t\t\t\t\t<\/div>\n\t\t<\/div>\n\t\t\t\t\t<\/div>\n\t\t<\/section>\n\t\t\t\t<\/div>\n\t\t","protected":false},"excerpt":{"rendered":"<p>COLECCIONES Inspiradas en la naturaleza. Sobriedad. Elegancia. Cada una con su propia personalidad. Curvas. Sensibilidad y caricias. Formas org\u00e1nicas. \u00c1ngulos. Potencia y acci\u00f3n. Formas salvajes.<\/p>\n","protected":false},"author":1,"featured_media":671,"parent":0,"menu_order":0,"comment_status":"closed","ping_status":"closed","template":"elementor_header_footer","meta":{"site-sidebar-layout":"no-sidebar","site-content-layout":"page-builder","ast-site-content-layout":"full-width-container","site-content-style":"unboxed","site-sidebar-style":"unboxed","ast-global-header-display":"","ast-banner-title-visibility":"","ast-main-header-display":"","ast-hfb-above-header-display":"","ast-hfb-below-header-display":"","ast-hfb-mobile-header-display":"","site-post-title":"disabled","ast-breadcrumbs-content":"","ast-featured-img":"disabled","footer-sml-layout":"","theme-transparent-header-meta":"default","adv-header-id-meta":"","stick-header-meta":"default","header-above-stick-meta":"","header-main-stick-meta":"","header-below-stick-meta":"","astra-migrate-meta-layouts":"default","ast-page-background-enabled":"default","ast-page-background-meta":{"desktop":{"background-color":"var(--ast-global-color-4)","background-image":"","background-repeat":"repeat","background-position":"center center","background-size":"auto","background-attachment":"scroll","background-type":"","background-media":"","overlay-type":"","overlay-color":"","overlay-opacity":"","overlay-gradient":""},"tablet":{"background-color":"","background-image":"","background-repeat":"repeat","background-position":"center center","background-size":"auto","background-attachment":"scroll","background-type":"","background-media":"","overlay-type":"","overlay-color":"","overlay-opacity":"","overlay-gradient":""},"mobile":{"background-color":"","background-image":"","background-repeat":"repeat","background-position":"center center","background-size":"auto","background-attachment":"scroll","background-type":"","background-media":"","overlay-type":"","overlay-color":"","overlay-opacity":"","overlay-gradient":""}},"ast-content-background-meta":{"desktop":{"background-color":"var(--ast-global-color-5)","background-image":"","background-repeat":"repeat","background-position":"center center","background-size":"auto","background-attachment":"scroll","background-type":"","background-media":"","overlay-type":"","overlay-color":"","overlay-opacity":"","overlay-gradient":""},"tablet":{"background-color":"var(--ast-global-color-5)","background-image":"","background-repeat":"repeat","background-position":"center center","background-size":"auto","background-attachment":"scroll","background-type":"","background-media":"","overlay-type":"","overlay-color":"","overlay-opacity":"","overlay-gradient":""},"mobile":{"background-color":"var(--ast-global-color-5)","background-image":"","background-repeat":"repeat","background-position":"center center","background-size":"auto","background-attachment":"scroll","background-type":"","background-media":"","overlay-type":"","overlay-color":"","overlay-opacity":"","overlay-gradient":""}},"footnotes":""},"class_list":["post-893","page","type-page","status-publish","has-post-thumbnail","hentry"],"yoast_head":"<!-- This site is optimized with the Yoast SEO plugin v23.4 - https:\/\/yoast.com\/wordpress\/plugins\/seo\/ -->\n<title>LA TIENDA - Nkaix - On tot encaixa<\/title>\n<meta name=\"robots\" content=\"index, follow, max-snippet:-1, max-image-preview:large, max-video-preview:-1\" \/>\n<link rel=\"canonical\" href=\"https:\/\/nkaix.com\/es\/la-tienda\/\" \/>\n<meta property=\"og:locale\" content=\"es_ES\" \/>\n<meta property=\"og:type\" content=\"article\" \/>\n<meta property=\"og:title\" content=\"LA TIENDA - Nkaix - On tot encaixa\" \/>\n<meta property=\"og:description\" content=\"COLECCIONES Inspiradas en la naturaleza. Sobriedad. Elegancia. Cada una con su propia personalidad. Curvas. Sensibilidad y caricias. Formas org\u00e1nicas. \u00c1ngulos. Potencia y acci\u00f3n. Formas salvajes.\" \/>\n<meta property=\"og:url\" content=\"https:\/\/nkaix.com\/es\/la-tienda\/\" \/>\n<meta property=\"og:site_name\" content=\"Nkaix - On tot encaixa\" \/>\n<meta property=\"article:modified_time\" content=\"2024-08-30T13:52:40+00:00\" \/>\n<meta property=\"og:image\" content=\"https:\/\/nkaix.com\/wp-content\/uploads\/2024\/08\/PORTADA_EROS-1024x1024.jpg\" \/>\n<meta name=\"twitter:card\" content=\"summary_large_image\" \/>\n<script type=\"application\/ld+json\" class=\"yoast-schema-graph\">{\"@context\":\"https:\/\/schema.org\",\"@graph\":[{\"@type\":\"WebPage\",\"@id\":\"https:\/\/nkaix.com\/es\/la-tienda\/\",\"url\":\"https:\/\/nkaix.com\/es\/la-tienda\/\",\"name\":\"LA TIENDA - Nkaix - On tot encaixa\",\"isPartOf\":{\"@id\":\"https:\/\/nkaix.com\/#website\"},\"primaryImageOfPage\":{\"@id\":\"https:\/\/nkaix.com\/es\/la-tienda\/#primaryimage\"},\"image\":{\"@id\":\"https:\/\/nkaix.com\/es\/la-tienda\/#primaryimage\"},\"thumbnailUrl\":\"https:\/\/nkaix.com\/wp-content\/uploads\/2024\/08\/LOGOS_COLORES-37.jpg\",\"datePublished\":\"2024-08-19T17:11:58+00:00\",\"dateModified\":\"2024-08-30T13:52:40+00:00\",\"breadcrumb\":{\"@id\":\"https:\/\/nkaix.com\/es\/la-tienda\/#breadcrumb\"},\"inLanguage\":\"es\",\"potentialAction\":[{\"@type\":\"ReadAction\",\"target\":[\"https:\/\/nkaix.com\/es\/la-tienda\/\"]}]},{\"@type\":\"ImageObject\",\"inLanguage\":\"es\",\"@id\":\"https:\/\/nkaix.com\/es\/la-tienda\/#primaryimage\",\"url\":\"https:\/\/nkaix.com\/wp-content\/uploads\/2024\/08\/LOGOS_COLORES-37.jpg\",\"contentUrl\":\"https:\/\/nkaix.com\/wp-content\/uploads\/2024\/08\/LOGOS_COLORES-37.jpg\",\"width\":473,\"height\":473},{\"@type\":\"BreadcrumbList\",\"@id\":\"https:\/\/nkaix.com\/es\/la-tienda\/#breadcrumb\",\"itemListElement\":[{\"@type\":\"ListItem\",\"position\":1,\"name\":\"Home\",\"item\":\"https:\/\/nkaix.com\/es\/\"},{\"@type\":\"ListItem\",\"position\":2,\"name\":\"LA TIENDA\"}]},{\"@type\":\"WebSite\",\"@id\":\"https:\/\/nkaix.com\/#website\",\"url\":\"https:\/\/nkaix.com\/\",\"name\":\"Nkaix - On tot encaixa\",\"description\":\"On tot encaixa\",\"publisher\":{\"@id\":\"https:\/\/nkaix.com\/#organization\"},\"potentialAction\":[{\"@type\":\"SearchAction\",\"target\":{\"@type\":\"EntryPoint\",\"urlTemplate\":\"https:\/\/nkaix.com\/?s={search_term_string}\"},\"query-input\":{\"@type\":\"PropertyValueSpecification\",\"valueRequired\":true,\"valueName\":\"search_term_string\"}}],\"inLanguage\":\"es\"},{\"@type\":\"Organization\",\"@id\":\"https:\/\/nkaix.com\/#organization\",\"name\":\"Nkaix - On tot encaixa\",\"url\":\"https:\/\/nkaix.com\/\",\"logo\":{\"@type\":\"ImageObject\",\"inLanguage\":\"es\",\"@id\":\"https:\/\/nkaix.com\/#\/schema\/logo\/image\/\",\"url\":\"https:\/\/nkaix.com\/wp-content\/uploads\/2024\/08\/cropped-iso_tag_groc.png\",\"contentUrl\":\"https:\/\/nkaix.com\/wp-content\/uploads\/2024\/08\/cropped-iso_tag_groc.png\",\"width\":449,\"height\":207,\"caption\":\"Nkaix - On tot encaixa\"},\"image\":{\"@id\":\"https:\/\/nkaix.com\/#\/schema\/logo\/image\/\"}}]}<\/script>\n<!-- \/ Yoast SEO plugin. -->","yoast_head_json":{"title":"LA TIENDA - Nkaix - On tot encaixa","robots":{"index":"index","follow":"follow","max-snippet":"max-snippet:-1","max-image-preview":"max-image-preview:large","max-video-preview":"max-video-preview:-1"},"canonical":"https:\/\/nkaix.com\/es\/la-tienda\/","og_locale":"es_ES","og_type":"article","og_title":"LA TIENDA - Nkaix - On tot encaixa","og_description":"COLECCIONES Inspiradas en la naturaleza. Sobriedad. Elegancia. Cada una con su propia personalidad. Curvas. Sensibilidad y caricias. Formas org\u00e1nicas. \u00c1ngulos. Potencia y acci\u00f3n. Formas salvajes.","og_url":"https:\/\/nkaix.com\/es\/la-tienda\/","og_site_name":"Nkaix - On tot encaixa","article_modified_time":"2024-08-30T13:52:40+00:00","og_image":[{"url":"https:\/\/nkaix.com\/wp-content\/uploads\/2024\/08\/PORTADA_EROS-1024x1024.jpg"}],"twitter_card":"summary_large_image","schema":{"@context":"https:\/\/schema.org","@graph":[{"@type":"WebPage","@id":"https:\/\/nkaix.com\/es\/la-tienda\/","url":"https:\/\/nkaix.com\/es\/la-tienda\/","name":"LA TIENDA - Nkaix - On tot encaixa","isPartOf":{"@id":"https:\/\/nkaix.com\/#website"},"primaryImageOfPage":{"@id":"https:\/\/nkaix.com\/es\/la-tienda\/#primaryimage"},"image":{"@id":"https:\/\/nkaix.com\/es\/la-tienda\/#primaryimage"},"thumbnailUrl":"https:\/\/nkaix.com\/wp-content\/uploads\/2024\/08\/LOGOS_COLORES-37.jpg","datePublished":"2024-08-19T17:11:58+00:00","dateModified":"2024-08-30T13:52:40+00:00","breadcrumb":{"@id":"https:\/\/nkaix.com\/es\/la-tienda\/#breadcrumb"},"inLanguage":"es","potentialAction":[{"@type":"ReadAction","target":["https:\/\/nkaix.com\/es\/la-tienda\/"]}]},{"@type":"ImageObject","inLanguage":"es","@id":"https:\/\/nkaix.com\/es\/la-tienda\/#primaryimage","url":"https:\/\/nkaix.com\/wp-content\/uploads\/2024\/08\/LOGOS_COLORES-37.jpg","contentUrl":"https:\/\/nkaix.com\/wp-content\/uploads\/2024\/08\/LOGOS_COLORES-37.jpg","width":473,"height":473},{"@type":"BreadcrumbList","@id":"https:\/\/nkaix.com\/es\/la-tienda\/#breadcrumb","itemListElement":[{"@type":"ListItem","position":1,"name":"Home","item":"https:\/\/nkaix.com\/es\/"},{"@type":"ListItem","position":2,"name":"LA TIENDA"}]},{"@type":"WebSite","@id":"https:\/\/nkaix.com\/#website","url":"https:\/\/nkaix.com\/","name":"Nkaix - On tot encaixa","description":"On tot encaixa","publisher":{"@id":"https:\/\/nkaix.com\/#organization"},"potentialAction":[{"@type":"SearchAction","target":{"@type":"EntryPoint","urlTemplate":"https:\/\/nkaix.com\/?s={search_term_string}"},"query-input":{"@type":"PropertyValueSpecification","valueRequired":true,"valueName":"search_term_string"}}],"inLanguage":"es"},{"@type":"Organization","@id":"https:\/\/nkaix.com\/#organization","name":"Nkaix - On tot encaixa","url":"https:\/\/nkaix.com\/","logo":{"@type":"ImageObject","inLanguage":"es","@id":"https:\/\/nkaix.com\/#\/schema\/logo\/image\/","url":"https:\/\/nkaix.com\/wp-content\/uploads\/2024\/08\/cropped-iso_tag_groc.png","contentUrl":"https:\/\/nkaix.com\/wp-content\/uploads\/2024\/08\/cropped-iso_tag_groc.png","width":449,"height":207,"caption":"Nkaix - On tot encaixa"},"image":{"@id":"https:\/\/nkaix.com\/#\/schema\/logo\/image\/"}}]}},"_links":{"self":[{"href":"https:\/\/nkaix.com\/es\/wp-json\/wp\/v2\/pages\/893"}],"collection":[{"href":"https:\/\/nkaix.com\/es\/wp-json\/wp\/v2\/pages"}],"about":[{"href":"https:\/\/nkaix.com\/es\/wp-json\/wp\/v2\/types\/page"}],"author":[{"embeddable":true,"href":"https:\/\/nkaix.com\/es\/wp-json\/wp\/v2\/users\/1"}],"replies":[{"embeddable":true,"href":"https:\/\/nkaix.com\/es\/wp-json\/wp\/v2\/comments?post=893"}],"version-history":[{"count":1,"href":"https:\/\/nkaix.com\/es\/wp-json\/wp\/v2\/pages\/893\/revisions"}],"predecessor-version":[{"id":894,"href":"https:\/\/nkaix.com\/es\/wp-json\/wp\/v2\/pages\/893\/revisions\/894"}],"wp:featuredmedia":[{"embeddable":true,"href":"https:\/\/nkaix.com\/es\/wp-json\/wp\/v2\/media\/671"}],"wp:attachment":[{"href":"https:\/\/nkaix.com\/es\/wp-json\/wp\/v2\/media?parent=893"}],"curies":[{"name":"wp","href":"https:\/\/api.w.org\/{rel}","templated":true}]}}