{"id":1071,"date":"2024-09-18T08:46:07","date_gmt":"2024-09-18T08:46:07","guid":{"rendered":"https:\/\/nkaix.com\/condiciones-de-venta\/"},"modified":"2024-09-18T09:42:50","modified_gmt":"2024-09-18T09:42:50","slug":"condiciones-de-venta","status":"publish","type":"page","link":"https:\/\/nkaix.com\/es\/condiciones-de-venta\/","title":{"rendered":"Condiciones de venta"},"content":{"rendered":"\t\t<div data-elementor-type=\"wp-page\" data-elementor-id=\"1071\" class=\"elementor elementor-1071 elementor-1061\" data-elementor-post-type=\"page\">\n\t\t\t\t\t\t<section class=\"elementor-section elementor-top-section elementor-element elementor-element-f5bbf61 elementor-section-boxed elementor-section-height-default elementor-section-height-default\" data-id=\"f5bbf61\" data-element_type=\"section\">\n\t\t\t\t\t\t<div class=\"elementor-container elementor-column-gap-default\">\n\t\t\t\t\t<div class=\"elementor-column elementor-col-100 elementor-top-column elementor-element elementor-element-ad71e00\" data-id=\"ad71e00\" data-element_type=\"column\">\n\t\t\t<div class=\"elementor-widget-wrap elementor-element-populated\">\n\t\t\t\t\t\t<div class=\"elementor-element elementor-element-f2294b3 elementor-widget elementor-widget-text-editor\" data-id=\"f2294b3\" data-element_type=\"widget\" data-widget_type=\"text-editor.default\">\n\t\t\t\t<div class=\"elementor-widget-container\">\n\t\t\t<style>\/*! elementor - v3.23.0 - 05-08-2024 *\/\n.elementor-widget-text-editor.elementor-drop-cap-view-stacked .elementor-drop-cap{background-color:#69727d;color:#fff}.elementor-widget-text-editor.elementor-drop-cap-view-framed .elementor-drop-cap{color:#69727d;border:3px solid;background-color:transparent}.elementor-widget-text-editor:not(.elementor-drop-cap-view-default) .elementor-drop-cap{margin-top:8px}.elementor-widget-text-editor:not(.elementor-drop-cap-view-default) .elementor-drop-cap-letter{width:1em;height:1em}.elementor-widget-text-editor .elementor-drop-cap{float:left;text-align:center;line-height:1;font-size:50px}.elementor-widget-text-editor .elementor-drop-cap-letter{display:inline-block}<\/style>\t\t\t\t<p><strong>CONDICIONES DE VENTA<\/strong><\/p>\n<p>Las presentes condiciones de venta, regular\u00e1n expresamente las relaciones surgidas entre Mobles Noguer SL, con domicilio en Santa Coloma de Farners, Calle San Sebasti\u00e1n, 104-106 y con NIF B17063041 (en adelante Nkaix.com) y los terceros (en adelante \u00abUsuarios\u00bb) que utilicen el portal de internet www.nkaix.com (en adelante el \u00abPortal\u00bb), as\u00ed como con los terceros que contraten los productos ofrecidos a trav\u00e9s del mismo.<br \/>Nkaix.com se reserva, el derecho a modificar sin previo aviso y en cualquier momento la presentaci\u00f3n y configuraci\u00f3n del Portal.<br \/>Todas las condiciones de venta expuestas en el presente documento, deben regular todas las ventas que se realizan en la tienda virtual de nkaix.<br \/>Nkaix.com se reserva el derecho de a\u00f1adir o eliminar productos, promociones y ofertas de la tienda online en funci\u00f3n de la disponibilidad y circunstancias.<br \/>Al utilizar esta p\u00e1gina web, el usuario reconoce haber le\u00eddo y entendido todos y cada una de las condiciones de este contrato y acepta las mismas en todos sus t\u00e9rminos. El uso del servicio por parte del usuario debe ser justo aceptando las condiciones del contrato. Nkaix.com como propietario de esta web, se reserva el derecho de cambiar cualquier t\u00e9rmino o condici\u00f3n cuando le parezca conveniente. Estos cambios se considerar\u00e1n aceptados por el usuario si \u00e9ste sigue haciendo uso del servicio pasadas las dos semanas desde la fecha de publicaci\u00f3n de dichos cambios.   <\/p>\n<p><b>CONDICIONES GENERALES:<\/b><\/p>\n<p>&#8211; Los precios de los art\u00edculos pueden sufrir variaciones, pero siempre se aplicar\u00e1 el precio que tuviera el producto el d\u00eda de la confirmaci\u00f3n del pedido, con independencia del d\u00eda de la entrega.<br \/>&#8211; Las presentes condiciones generales de venta se rigen por la legislaci\u00f3n vigente en Espa\u00f1a en la materia. Para cualquier litigio o diferencia que pudiera surgir dentro de la relaci\u00f3n comercial de la tienda online de nkaix.com con sus clientes, podr\u00e1n regirse por los juzgados y tribunales de Girona. <br \/>&#8211; Todas las caracter\u00edsticas de los productos de la tienda online de nkaix.com est\u00e1n cuidadosamente especificadas, s\u00ed advertir, que los colores pueden sufrir variaciones debido al navegador de internet oa la pantalla utilizada por el usuario.<br \/>&#8211; Para cualquier aclaraci\u00f3n o reclamaci\u00f3n, el cliente podr\u00e1 dirigirse a las siguientes direcciones:<br \/>MOBLES NOGUER SL<br \/>C\/ Sant Sebasti\u00e0, 104-106<br \/>17430 Santa Coloma de Farners (Girona)<br \/>616 968 132<br \/>nkaixme@nkaix.cat<\/p>\n<p>Las ventas a distancia realizadas ser\u00e1n reguladas por la legislaci\u00f3n espa\u00f1ola vigente en la materia.<\/p>\n<p>La cumplimentaci\u00f3n y env\u00edo del pedido expresa la adhesi\u00f3n plena y sin reservas a todas y cada una de las Condiciones de venta, tal y como se indica en la casilla \u00abAcepto las Condiciones de venta y Aviso legal\u00bb del pedido.<br \/>Una vez cumplimentado el pedido, con todos los datos solicitados como obligatorios, nkaix.com emitir\u00e1 inmediatamente una confirmaci\u00f3n del pedido a la direcci\u00f3n de correo electr\u00f3nico indicada en el pedido.<br \/>Si en el momento de recepci\u00f3n de un pedido no estuviera el producto solicitado disponible, nkaix.com se lo comunicar\u00e1 al cliente para que pueda optar por esperar a que est\u00e9 disponible, cambiarlo por otro producto similar o directamente anular el pedido . Nkaix.com opera en el territorio espa\u00f1ol peninsular.<br \/>Todos los precios que aparecen en el portal incluyen los impuestos correspondientes. <\/p>\n<p><b>FORMAS DE PAGO:<\/b><\/p>\n<p>Tarjeta de cr\u00e9dito<br \/>Este servicio es el m\u00e1s utilizado por nuestros clientes y el aconsejado por el portal, porque no le ocasiona gastos, es seguro, r\u00e1pido y c\u00f3modo.<br \/>Aceptamos casi todas las tarjetas de Cr\u00e9dito y D\u00e9bito del Mercado.<\/p>\n<p>Todos los pagos se realizar\u00e1n en Euros.<br \/>El pedido se considerar\u00e1 realizado cuando confirmemos el ingreso en nuestra cuenta.<\/p>\n<p>SERVICIO POST-VENTA y DEVOLUCIONES:<\/p>\n<p>Si no est\u00e1 satisfecho con el producto adquirido, de acuerdo con el arte. 44 de la Ley 7\/1996, de 15 de enero de Ordenaci\u00f3n del Comercio Minorista modificada por la Ley 47\/2002, de 19 de diciembre, tiene un plazo de 15 d\u00edas h\u00e1biles, a contar desde la fecha de entrega del pedido, para devolverlo.<br \/>Para realizar la devoluci\u00f3n, el producto debe estar exactamente igual que cuando se recibi\u00f3, tener su embalaje original y contener la documentaci\u00f3n que acompa\u00f1a al producto. Si el motivo de la devoluci\u00f3n NO se debe a que el producto est\u00e9 defectuoso los gastos de la devoluci\u00f3n ir\u00e1n a cargo del cliente. Si la devoluci\u00f3n es por defecto del producto, los gastos de env\u00edo correr\u00e1n por cuenta de nkaix.com. En cualquiera de estos casos, env\u00edenos un correo electr\u00f3nico a nkaixme@nkaix.cat o llame al tel\u00e9fono 616 968 132 para que le autoricemos y le indiquemos los pasos a seguir.    <br \/>Nkaix.com, despu\u00e9s de haber comprobado el estado correcto de la mercanc\u00eda, proceder\u00e1 al reembolso del importe pagado por el producto devuelto, en la cuenta indicada por el cliente inmediatamente, con la misma forma de pago utilizada por \u00e9ste y se le comunicar\u00e1 mediante correo electr\u00f3nico.<br \/>En caso de que los productos devueltos tuvieran alg\u00fan desperfecto, el cliente indemnizar\u00e1 a nkaix.com por el importe correspondiente a los desperfectos y deducir\u00e1 ese importe del abono que debiera hacer al cliente por la devoluci\u00f3n.<br \/>En estos casos, los gastos de transporte son por cuenta del cliente.<br \/>Si se da el caso de que el producto recibido est\u00e1 defectuoso o es err\u00f3neo, nos lo comunicar\u00e1 tambi\u00e9n a nkaixme@nkaix.cat o llamando al tel\u00e9fono 616 968 132 y le enviaremos de nuevo el producto. Si no lo tuvi\u00e9ramos fabricado en ese momento se le comunicar\u00e1 y se le enviar\u00e1 lo antes posible. Todos los gastos de transporte corren a cargo de nkaix.com.  <\/p>\n<p><b>GARANT\u00cdA DE LOS PRODUCTOS:<\/b><\/p>\n<p>Todos los productos ofrecidos por nkaix.com son productos originales y novedosos. Todos los productos cuentan con una garant\u00eda de 2 a\u00f1os desde el momento de su entrega. <br \/>No obstante, y en base a lo dispuesto en la Ley 237\/2003, de 10 de julio, de Garant\u00edas de Venta de Bienes de Consumo, se presume que todos los defectos que se manifiesten dentro de los 6 primeros meses, se deben a errores de fabricaci\u00f3n por lo que procederemos a la reparaci\u00f3n o sustituci\u00f3n del producto, siempre que no haya sido manipulado por el comprador o terceras personas.<br \/>A partir de esa fecha, ser\u00e1 deber del cliente demostrar que son errores de fabricaci\u00f3n y no errores debidos al uso.<br \/>En caso de garant\u00eda o reparaci\u00f3n se le informar\u00e1 del procedimiento a seguir, puesto que dependiendo del modelo, se gestionar\u00e1 de diferente forma.<br \/>El cliente siempre debe comunicar a nkaix.com la incidencia del producto en el tel.: 616 968 132 o en el mail nkaixme@nkaix.cat y responderemos siempre para buscar la soluci\u00f3n m\u00e1s r\u00e1pida y adecuada.<\/p>\n\t\t\t\t\t\t<\/div>\n\t\t\t\t<\/div>\n\t\t\t\t\t<\/div>\n\t\t<\/div>\n\t\t\t\t\t<\/div>\n\t\t<\/section>\n\t\t\t\t<\/div>\n\t\t","protected":false},"excerpt":{"rendered":"<p>CONDICIONES DE VENTA Las presentes condiciones de venta, regular\u00e1n expresamente las relaciones surgidas entre Mobles Noguer SL, con domicilio en Santa Coloma de Farners, Calle San Sebasti\u00e1n, 104-106 y con NIF B17063041 (en adelante Nkaix.com) y los terceros (en adelante \u00abUsuarios\u00bb) que utilicen el portal de internet www.nkaix.com (en adelante el \u00abPortal\u00bb), as\u00ed como con [&hellip;]<\/p>\n","protected":false},"author":1,"featured_media":0,"parent":0,"menu_order":0,"comment_status":"closed","ping_status":"closed","template":"","meta":{"site-sidebar-layout":"no-sidebar","site-content-layout":"page-builder","ast-site-content-layout":"full-width-container","site-content-style":"default","site-sidebar-style":"default","ast-global-header-display":"","ast-banner-title-visibility":"","ast-main-header-display":"","ast-hfb-above-header-display":"","ast-hfb-below-header-display":"","ast-hfb-mobile-header-display":"","site-post-title":"disabled","ast-breadcrumbs-content":"","ast-featured-img":"disabled","footer-sml-layout":"","theme-transparent-header-meta":"","adv-header-id-meta":"","stick-header-meta":"","header-above-stick-meta":"","header-main-stick-meta":"","header-below-stick-meta":"","astra-migrate-meta-layouts":"default","ast-page-background-enabled":"default","ast-page-background-meta":{"desktop":{"background-color":"var(--ast-global-color-4)","background-image":"","background-repeat":"repeat","background-position":"center center","background-size":"auto","background-attachment":"scroll","background-type":"","background-media":"","overlay-type":"","overlay-color":"","overlay-opacity":"","overlay-gradient":""},"tablet":{"background-color":"","background-image":"","background-repeat":"repeat","background-position":"center center","background-size":"auto","background-attachment":"scroll","background-type":"","background-media":"","overlay-type":"","overlay-color":"","overlay-opacity":"","overlay-gradient":""},"mobile":{"background-color":"","background-image":"","background-repeat":"repeat","background-position":"center center","background-size":"auto","background-attachment":"scroll","background-type":"","background-media":"","overlay-type":"","overlay-color":"","overlay-opacity":"","overlay-gradient":""}},"ast-content-background-meta":{"desktop":{"background-color":"var(--ast-global-color-5)","background-image":"","background-repeat":"repeat","background-position":"center center","background-size":"auto","background-attachment":"scroll","background-type":"","background-media":"","overlay-type":"","overlay-color":"","overlay-opacity":"","overlay-gradient":""},"tablet":{"background-color":"var(--ast-global-color-5)","background-image":"","background-repeat":"repeat","background-position":"center center","background-size":"auto","background-attachment":"scroll","background-type":"","background-media":"","overlay-type":"","overlay-color":"","overlay-opacity":"","overlay-gradient":""},"mobile":{"background-color":"var(--ast-global-color-5)","background-image":"","background-repeat":"repeat","background-position":"center center","background-size":"auto","background-attachment":"scroll","background-type":"","background-media":"","overlay-type":"","overlay-color":"","overlay-opacity":"","overlay-gradient":""}},"footnotes":""},"class_list":["post-1071","page","type-page","status-publish","hentry"],"yoast_head":"<!-- This site is optimized with the Yoast SEO plugin v23.4 - https:\/\/yoast.com\/wordpress\/plugins\/seo\/ -->\n<title>Condiciones de venta - Nkaix - On tot encaixa<\/title>\n<meta name=\"robots\" content=\"index, follow, max-snippet:-1, max-image-preview:large, max-video-preview:-1\" \/>\n<link rel=\"canonical\" href=\"https:\/\/nkaix.com\/condicions-de-venda\/\" \/>\n<meta property=\"og:locale\" content=\"es_ES\" \/>\n<meta property=\"og:type\" content=\"article\" \/>\n<meta property=\"og:title\" content=\"Condiciones de venta - Nkaix - On tot encaixa\" \/>\n<meta property=\"og:description\" content=\"CONDICIONES DE VENTA Las presentes condiciones de venta, regular\u00e1n expresamente las relaciones surgidas entre Mobles Noguer SL, con domicilio en Santa Coloma de Farners, Calle San Sebasti\u00e1n, 104-106 y con NIF B17063041 (en adelante Nkaix.com) y los terceros (en adelante \u00abUsuarios\u00bb) que utilicen el portal de internet www.nkaix.com (en adelante el \u00abPortal\u00bb), as\u00ed como con [&hellip;]\" \/>\n<meta property=\"og:url\" content=\"https:\/\/nkaix.com\/condicions-de-venda\/\" \/>\n<meta property=\"og:site_name\" content=\"Nkaix - On tot encaixa\" \/>\n<meta property=\"article:modified_time\" content=\"2024-09-18T09:42:50+00:00\" \/>\n<meta name=\"twitter:card\" content=\"summary_large_image\" \/>\n<meta name=\"twitter:label1\" content=\"Tiempo de lectura\" \/>\n\t<meta name=\"twitter:data1\" content=\"6 minutos\" \/>\n<script type=\"application\/ld+json\" class=\"yoast-schema-graph\">{\"@context\":\"https:\/\/schema.org\",\"@graph\":[{\"@type\":\"WebPage\",\"@id\":\"https:\/\/nkaix.com\/condicions-de-venda\/\",\"url\":\"https:\/\/nkaix.com\/condicions-de-venda\/\",\"name\":\"Condiciones de venta - Nkaix - On tot encaixa\",\"isPartOf\":{\"@id\":\"https:\/\/nkaix.com\/#website\"},\"datePublished\":\"2024-09-18T08:46:07+00:00\",\"dateModified\":\"2024-09-18T09:42:50+00:00\",\"breadcrumb\":{\"@id\":\"https:\/\/nkaix.com\/condicions-de-venda\/#breadcrumb\"},\"inLanguage\":\"es\",\"potentialAction\":[{\"@type\":\"ReadAction\",\"target\":[\"https:\/\/nkaix.com\/condicions-de-venda\/\"]}]},{\"@type\":\"BreadcrumbList\",\"@id\":\"https:\/\/nkaix.com\/condicions-de-venda\/#breadcrumb\",\"itemListElement\":[{\"@type\":\"ListItem\",\"position\":1,\"name\":\"Home\",\"item\":\"https:\/\/nkaix.com\/es\/\"},{\"@type\":\"ListItem\",\"position\":2,\"name\":\"Condiciones de venta\"}]},{\"@type\":\"WebSite\",\"@id\":\"https:\/\/nkaix.com\/#website\",\"url\":\"https:\/\/nkaix.com\/\",\"name\":\"Nkaix - On tot encaixa\",\"description\":\"On tot encaixa\",\"publisher\":{\"@id\":\"https:\/\/nkaix.com\/#organization\"},\"potentialAction\":[{\"@type\":\"SearchAction\",\"target\":{\"@type\":\"EntryPoint\",\"urlTemplate\":\"https:\/\/nkaix.com\/?s={search_term_string}\"},\"query-input\":{\"@type\":\"PropertyValueSpecification\",\"valueRequired\":true,\"valueName\":\"search_term_string\"}}],\"inLanguage\":\"es\"},{\"@type\":\"Organization\",\"@id\":\"https:\/\/nkaix.com\/#organization\",\"name\":\"Nkaix - On tot encaixa\",\"url\":\"https:\/\/nkaix.com\/\",\"logo\":{\"@type\":\"ImageObject\",\"inLanguage\":\"es\",\"@id\":\"https:\/\/nkaix.com\/#\/schema\/logo\/image\/\",\"url\":\"https:\/\/nkaix.com\/wp-content\/uploads\/2024\/08\/cropped-iso_tag_groc.png\",\"contentUrl\":\"https:\/\/nkaix.com\/wp-content\/uploads\/2024\/08\/cropped-iso_tag_groc.png\",\"width\":449,\"height\":207,\"caption\":\"Nkaix - On tot encaixa\"},\"image\":{\"@id\":\"https:\/\/nkaix.com\/#\/schema\/logo\/image\/\"}}]}<\/script>\n<!-- \/ Yoast SEO plugin. -->","yoast_head_json":{"title":"Condiciones de venta - Nkaix - On tot encaixa","robots":{"index":"index","follow":"follow","max-snippet":"max-snippet:-1","max-image-preview":"max-image-preview:large","max-video-preview":"max-video-preview:-1"},"canonical":"https:\/\/nkaix.com\/condicions-de-venda\/","og_locale":"es_ES","og_type":"article","og_title":"Condiciones de venta - Nkaix - On tot encaixa","og_description":"CONDICIONES DE VENTA Las presentes condiciones de venta, regular\u00e1n expresamente las relaciones surgidas entre Mobles Noguer SL, con domicilio en Santa Coloma de Farners, Calle San Sebasti\u00e1n, 104-106 y con NIF B17063041 (en adelante Nkaix.com) y los terceros (en adelante \u00abUsuarios\u00bb) que utilicen el portal de internet www.nkaix.com (en adelante el \u00abPortal\u00bb), as\u00ed como con [&hellip;]","og_url":"https:\/\/nkaix.com\/condicions-de-venda\/","og_site_name":"Nkaix - On tot encaixa","article_modified_time":"2024-09-18T09:42:50+00:00","twitter_card":"summary_large_image","twitter_misc":{"Tiempo de lectura":"6 minutos"},"schema":{"@context":"https:\/\/schema.org","@graph":[{"@type":"WebPage","@id":"https:\/\/nkaix.com\/condicions-de-venda\/","url":"https:\/\/nkaix.com\/condicions-de-venda\/","name":"Condiciones de venta - Nkaix - On tot encaixa","isPartOf":{"@id":"https:\/\/nkaix.com\/#website"},"datePublished":"2024-09-18T08:46:07+00:00","dateModified":"2024-09-18T09:42:50+00:00","breadcrumb":{"@id":"https:\/\/nkaix.com\/condicions-de-venda\/#breadcrumb"},"inLanguage":"es","potentialAction":[{"@type":"ReadAction","target":["https:\/\/nkaix.com\/condicions-de-venda\/"]}]},{"@type":"BreadcrumbList","@id":"https:\/\/nkaix.com\/condicions-de-venda\/#breadcrumb","itemListElement":[{"@type":"ListItem","position":1,"name":"Home","item":"https:\/\/nkaix.com\/es\/"},{"@type":"ListItem","position":2,"name":"Condiciones de venta"}]},{"@type":"WebSite","@id":"https:\/\/nkaix.com\/#website","url":"https:\/\/nkaix.com\/","name":"Nkaix - On tot encaixa","description":"On tot encaixa","publisher":{"@id":"https:\/\/nkaix.com\/#organization"},"potentialAction":[{"@type":"SearchAction","target":{"@type":"EntryPoint","urlTemplate":"https:\/\/nkaix.com\/?s={search_term_string}"},"query-input":{"@type":"PropertyValueSpecification","valueRequired":true,"valueName":"search_term_string"}}],"inLanguage":"es"},{"@type":"Organization","@id":"https:\/\/nkaix.com\/#organization","name":"Nkaix - On tot encaixa","url":"https:\/\/nkaix.com\/","logo":{"@type":"ImageObject","inLanguage":"es","@id":"https:\/\/nkaix.com\/#\/schema\/logo\/image\/","url":"https:\/\/nkaix.com\/wp-content\/uploads\/2024\/08\/cropped-iso_tag_groc.png","contentUrl":"https:\/\/nkaix.com\/wp-content\/uploads\/2024\/08\/cropped-iso_tag_groc.png","width":449,"height":207,"caption":"Nkaix - On tot encaixa"},"image":{"@id":"https:\/\/nkaix.com\/#\/schema\/logo\/image\/"}}]}},"_links":{"self":[{"href":"https:\/\/nkaix.com\/es\/wp-json\/wp\/v2\/pages\/1071"}],"collection":[{"href":"https:\/\/nkaix.com\/es\/wp-json\/wp\/v2\/pages"}],"about":[{"href":"https:\/\/nkaix.com\/es\/wp-json\/wp\/v2\/types\/page"}],"author":[{"embeddable":true,"href":"https:\/\/nkaix.com\/es\/wp-json\/wp\/v2\/users\/1"}],"replies":[{"embeddable":true,"href":"https:\/\/nkaix.com\/es\/wp-json\/wp\/v2\/comments?post=1071"}],"version-history":[{"count":3,"href":"https:\/\/nkaix.com\/es\/wp-json\/wp\/v2\/pages\/1071\/revisions"}],"predecessor-version":[{"id":1111,"href":"https:\/\/nkaix.com\/es\/wp-json\/wp\/v2\/pages\/1071\/revisions\/1111"}],"wp:attachment":[{"href":"https:\/\/nkaix.com\/es\/wp-json\/wp\/v2\/media?parent=1071"}],"curies":[{"name":"wp","href":"https:\/\/api.w.org\/{rel}","templated":true}]}}