{"id":1013,"date":"2023-06-07T09:56:54","date_gmt":"2023-06-07T09:56:54","guid":{"rendered":"https:\/\/nkaix.com\/politica-de-privacidad\/"},"modified":"2024-09-24T17:20:33","modified_gmt":"2024-09-24T17:20:33","slug":"politica-de-privacidad","status":"publish","type":"page","link":"https:\/\/nkaix.com\/es\/politica-de-privacidad\/","title":{"rendered":"Pol\u00edtica de Privacidad"},"content":{"rendered":"\t\t<div data-elementor-type=\"wp-page\" data-elementor-id=\"1013\" class=\"elementor elementor-1013 elementor-125\" data-elementor-post-type=\"page\">\n\t\t\t\t\t\t<section class=\"elementor-section elementor-top-section elementor-element elementor-element-4db00393 elementor-section-boxed elementor-section-height-default elementor-section-height-default\" data-id=\"4db00393\" data-element_type=\"section\">\n\t\t\t\t\t\t<div class=\"elementor-container elementor-column-gap-default\">\n\t\t\t\t\t<div class=\"elementor-column elementor-col-100 elementor-top-column elementor-element elementor-element-65e25f12\" data-id=\"65e25f12\" data-element_type=\"column\">\n\t\t\t<div class=\"elementor-widget-wrap elementor-element-populated\">\n\t\t\t\t\t\t<div class=\"elementor-element elementor-element-7b27d elementor-widget elementor-widget-text-editor\" data-id=\"7b27d\" data-element_type=\"widget\" data-widget_type=\"text-editor.default\">\n\t\t\t\t<div class=\"elementor-widget-container\">\n\t\t\t<style>\/*! elementor - v3.23.0 - 05-08-2024 *\/\n.elementor-widget-text-editor.elementor-drop-cap-view-stacked .elementor-drop-cap{background-color:#69727d;color:#fff}.elementor-widget-text-editor.elementor-drop-cap-view-framed .elementor-drop-cap{color:#69727d;border:3px solid;background-color:transparent}.elementor-widget-text-editor:not(.elementor-drop-cap-view-default) .elementor-drop-cap{margin-top:8px}.elementor-widget-text-editor:not(.elementor-drop-cap-view-default) .elementor-drop-cap-letter{width:1em;height:1em}.elementor-widget-text-editor .elementor-drop-cap{float:left;text-align:center;line-height:1;font-size:50px}.elementor-widget-text-editor .elementor-drop-cap-letter{display:inline-block}<\/style>\t\t\t\t<p><strong>POL\u00cdTICA DE PROTECCI\u00d3N DE DATOS DE MOBLES NOGUER SL<\/strong><\/p><p><strong>Introducci\u00f3n<\/strong><br \/>El derecho a la intimidad, y en concreto el derecho a la protecci\u00f3n de datos personales es uno de los valores de MOBLES NOGUER SL.<\/p><p>El objetivo de esta pol\u00edtica es explicarle como MOBLES NOGUER SL tratar\u00e1 aquellos datos personales que puedan ser recabados por MOBLES NOGUER SL. Sus datos personales ser\u00e1n tratados de forma confidencial y solo para aquellas finalidades que usted haya consentido, tal y como se explica a continuaci\u00f3n en el presente documento.<\/p><p><strong>Compromiso con la Privacidad<\/strong><br \/>MOBLES NOGUER SL est\u00e1 plenamente comprometida con el cumplimiento de la normativa vigente en cada momento, el Reglamento General de Protecci\u00f3n de Datos de la Uni\u00f3n Europea <strong>679\/2.016<\/strong>, as\u00ed como, Ley Org\u00e1nica <strong>3\/2.018 <\/strong>relativa a la protecci\u00f3n de datos de car\u00e1cter personal y derechos digitales.<\/p><p>Por ello, la Entidad ha tomado la determinaci\u00f3n de implementar los siguientes principios, siendo la privacidad la base en la que se configuran todos los tratamientos:<br \/>-&gt; La transparencia en el tratamiento de datos es una de nuestras prioridades.<br \/>-&gt; Siempre trataremos los datos que sean estrictamente necesarios para llevar a cabo el tratamiento informado.<br \/>-&gt; Trataremos los datos personales que sean estrictamente necesarios para el cumplimiento de las obligaciones y el ejercicio de derechos espec\u00edficos en el \u00e1mbito del Derecho laboral y de la seguridad y protecci\u00f3n social. Finalmente, podremos tratar los datos si disponemos de su consentimiento expl\u00edcito para determinados servicios.<br \/>-&gt; Se compartir\u00e1n los datos con aquellos proveedores que nos presten un servicio y act\u00faen como encargados de tratamiento, o con aquellos que, previamente, le hayamos informado y nos haya prestado su consentimiento.<\/p><p><strong>Finalidades de los tratamientos<\/strong><br \/>MOBLES NOGUER SL recaba sus datos personales para poder gestionar sus solicitudes y ofrecerle los servicios que usted pueda necesitar. En concreto tratamos sus datos personales con las siguientes finalidades:<br \/>-&gt; Para ofrecerle acceso a los espacios restringidos de nuestra p\u00e1gina web.<br \/>-&gt;En relaci\u00f3n a las empresas asociadas, dar cumplimiento a las obligaciones contenidas en el convenio de asociaci\u00f3n<br \/>-&gt;Sirvan de base de presentaci\u00f3n en caso de una reclamaci\u00f3n en virtud de los servicios objeto.<br \/>-&gt; Poder atender a sus consultas, preguntas o solicitudes realizadas a trav\u00e9s de los canales de atenci\u00f3n o comunicaci\u00f3n corporativos y ponernos en contacto con Usted para solucionarlas.<br \/>-&gt; Para mejorar nuestras p\u00e1ginas web, servicios, productos, y ofrecer un mejor servicio y contenido.<\/p><p>El Titular garantiza el cumplimiento de lo dispuesto en la Ley Org\u00e1nica de Protecci\u00f3n de Datos y Garant\u00eda de Derechos Digitales <strong>3\/2.018 <\/strong>de 5 de diciembre de 2018 relativo a la protecci\u00f3n de las personas f\u00edsicas en lo que respecta al tratamiento de datos personales y a la libre circulaci\u00f3n de estos datos.<\/p><p>Cuando le sean solicitados datos personales a trav\u00e9s del presente sitio web, el Usuario los incorporar\u00e1 voluntariamente, y ser\u00e1 debidamente informado de la identidad del solicitante, las finalidades de la solicitud, legitimaci\u00f3n para el tratamiento de los datos, as\u00ed como de la posibilidad y procedimiento para ejercer sus derechos conforme a lo dispuesto en la citada Ley Org\u00e1nica de <strong>PD y GDD 3\/2.018<\/strong>.<\/p><p>El Usuario garantiza que los datos personales facilitados son veraces y se hace responsable de comunicar a MOBLES NOGUER SL cualquier modificaci\u00f3n de los mismos con el objetivo de mantener los datos actualizados. MOBLES NOGUER SL se reserva el derecho a excluir de los servicios a todo Usuario que haya facilitado datos falsos, sin perjuicio de las dem\u00e1s acciones que procedan en Derecho.<\/p><p>La cumplimentaci\u00f3n de todos los datos solicitados es necesaria para lograr el \u00e9xito de los servicios puestos a disposici\u00f3n del usuario en el presente sitio web. De no facilitarse todos los datos o ser \u00e9stos inexactos, MOBLES NOGUER SL no garantiza que los servicios puedan prestarse correctamente o se ajusten a las necesidades del Usuario.<\/p><p>MOBLES NOGUER SL se compromete a recabar los datos que sean estrictamente necesarios para llevar a cabo el servicio demandado por el Usuario en cada caso, sin los cuales no ser\u00eda posible gestionar la prestaci\u00f3n. Asimismo MOBLES NOGUER SL se compromete a cumplir con el deber de secreto y confidencialidad respecto de los datos personales proporcionados por el Usuario de acuerdo con la legislaci\u00f3n aplicable.<\/p><p>Si tiene alguna pregunta sobre nuestra Pol\u00edtica de Privacidad, rogamos se ponga en contacto con nosotros enviando un correo electr\u00f3nico a nkaixme@nkaix.cat<\/p><p><strong>Duraci\u00f3n del tratamiento y plazo de conservaci\u00f3n<\/strong><br \/>En MOBLES NOGUER SL tenemos el compromiso de tratar los datos personales mientras respondan a las finalidades anteriormente se\u00f1aladas y podamos ofrecerle un servicio de calidad mediante su tratamiento.<\/p><p>Por ello, realizaremos todos los esfuerzos oportunos y razonables para minimizar el plazo de tratamiento y conservaci\u00f3n de los datos personales, todo ello sin menoscabo de las obligaciones legales.<\/p><p>En este sentido, en cada formulario de captaci\u00f3n de datos le informaremos del plazo previsto de tratamiento y\/o conservaci\u00f3n de sus datos de car\u00e1cter personal.<\/p><p>En cualquier caso, y aunque nos solicite que eliminemos sus datos, podremos conservarlos y mantenerlos, bajo el debido bloqueo, durante el plazo necesario para cumplir con nuestras obligaciones legales y para su puesta a disposici\u00f3n de las Autoridades con competencia en las distintas materias que sean de aplicaci\u00f3n.<\/p><p><strong>Ejercicio de derechos y reclamaciones ante la AEPD<\/strong><br \/>Le informamos que puede ejercer sus derechos de acceso, rectificaci\u00f3n, supresi\u00f3n, limitaci\u00f3n, oposici\u00f3n y\/o portabilidad dirigi\u00e9ndose al correo electr\u00f3nico nkaixme@nkaix.cat o bien por correo a la siguiente direcci\u00f3n:<\/p><p>C\/SANT SEBASTI\u00c0, 104-106, 17430 SANTA COLOMA DE FARNERS (GIRONA)<\/p><p>Tiene derecho a presentar una reclamaci\u00f3n ante la Agencia Espa\u00f1ola de Protecci\u00f3n de Datos (<strong>AEPD<\/strong>), a trav\u00e9s de su p\u00e1gina web: <a href=\"http:\/\/www.aepd.es\/\">www.aepd.es<\/a><\/p><p><strong>Confidencialidad y Seguridad en el tratamiento de datos<\/strong><br \/>Sus datos personales son muy importantes para nosotros, y nos comprometemos a tratarlos con la m\u00e1xima confidencialidad y discreci\u00f3n, as\u00ed como a implementar todas las medidas de seguridad que consideremos oportunas y razonables.<\/p><p>En este sentido, MOBLES NOGUER SL declara y garantiza que ha establecido todos los medios t\u00e9cnicos a su alcance para evitar la p\u00e9rdida, mal uso, alteraci\u00f3n, acceso no autorizado y robo de los datos facilitados por los usuarios.<\/p><p><b>Redes sociales (en caso de existir)<br \/><\/b><span style=\"font-style: inherit; font-weight: inherit; color: var( --e-global-color-text ); font-family: var( --e-global-typography-text-font-family ), Sans-serif; background-color: var(--ast-global-color-5);\">Las Redes Sociales forman parte del d\u00eda a d\u00eda de muchos usuarios de Internet, y para ellos hemos creado distintos perfiles en MOBLES NOGUER SL.<\/span><\/p><p>Todos los usuarios tienen la oportunidad de unirse a las p\u00e1ginas o grupos que MOBLES NOGUER SL tenga en distintas redes sociales.<\/p><p>Sin embargo, debe tener en cuenta que, salvo que le solicitemos sus datos directamente, sus datos pertenecer\u00e1n a la Red Social correspondiente, por lo que le recomendamos que lea detenidamente sus condiciones de uso y pol\u00edticas de privacidad, as\u00ed como se asegure de configurar sus preferencias en cuanto al tratamiento de los datos.<\/p>\t\t\t\t\t\t<\/div>\n\t\t\t\t<\/div>\n\t\t\t\t\t<\/div>\n\t\t<\/div>\n\t\t\t\t\t<\/div>\n\t\t<\/section>\n\t\t\t\t<\/div>\n\t\t","protected":false},"excerpt":{"rendered":"<p>POL\u00cdTICA DE PROTECCI\u00d3N DE DATOS DE MOBLES NOGUER SL Introducci\u00f3nEl derecho a la intimidad, y en concreto el derecho a la protecci\u00f3n de datos personales es uno de los valores de MOBLES NOGUER SL. El objetivo de esta pol\u00edtica es explicarle como MOBLES NOGUER SL tratar\u00e1 aquellos datos personales que puedan ser recabados por MOBLES [&hellip;]<\/p>\n","protected":false},"author":1,"featured_media":0,"parent":0,"menu_order":0,"comment_status":"closed","ping_status":"closed","template":"","meta":{"site-sidebar-layout":"default","site-content-layout":"default","ast-site-content-layout":"default","site-content-style":"default","site-sidebar-style":"default","ast-global-header-display":"","ast-banner-title-visibility":"","ast-main-header-display":"","ast-hfb-above-header-display":"","ast-hfb-below-header-display":"","ast-hfb-mobile-header-display":"","site-post-title":"","ast-breadcrumbs-content":"","ast-featured-img":"","footer-sml-layout":"","theme-transparent-header-meta":"default","adv-header-id-meta":"","stick-header-meta":"default","header-above-stick-meta":"","header-main-stick-meta":"","header-below-stick-meta":"","astra-migrate-meta-layouts":"set","ast-page-background-enabled":"default","ast-page-background-meta":{"desktop":{"background-color":"var(--ast-global-color-4)","background-image":"","background-repeat":"repeat","background-position":"center center","background-size":"auto","background-attachment":"scroll","background-type":"","background-media":"","overlay-type":"","overlay-color":"","overlay-opacity":"","overlay-gradient":""},"tablet":{"background-color":"","background-image":"","background-repeat":"repeat","background-position":"center center","background-size":"auto","background-attachment":"scroll","background-type":"","background-media":"","overlay-type":"","overlay-color":"","overlay-opacity":"","overlay-gradient":""},"mobile":{"background-color":"","background-image":"","background-repeat":"repeat","background-position":"center center","background-size":"auto","background-attachment":"scroll","background-type":"","background-media":"","overlay-type":"","overlay-color":"","overlay-opacity":"","overlay-gradient":""}},"ast-content-background-meta":{"desktop":{"background-color":"var(--ast-global-color-5)","background-image":"","background-repeat":"repeat","background-position":"center center","background-size":"auto","background-attachment":"scroll","background-type":"","background-media":"","overlay-type":"","overlay-color":"","overlay-opacity":"","overlay-gradient":""},"tablet":{"background-color":"var(--ast-global-color-5)","background-image":"","background-repeat":"repeat","background-position":"center center","background-size":"auto","background-attachment":"scroll","background-type":"","background-media":"","overlay-type":"","overlay-color":"","overlay-opacity":"","overlay-gradient":""},"mobile":{"background-color":"var(--ast-global-color-5)","background-image":"","background-repeat":"repeat","background-position":"center center","background-size":"auto","background-attachment":"scroll","background-type":"","background-media":"","overlay-type":"","overlay-color":"","overlay-opacity":"","overlay-gradient":""}},"footnotes":""},"class_list":["post-1013","page","type-page","status-publish","hentry"],"yoast_head":"<!-- This site is optimized with the Yoast SEO plugin v23.4 - https:\/\/yoast.com\/wordpress\/plugins\/seo\/ -->\n<title>Pol\u00edtica de Privacidad - Nkaix - On tot encaixa<\/title>\n<meta name=\"robots\" content=\"index, follow, max-snippet:-1, max-image-preview:large, max-video-preview:-1\" \/>\n<link rel=\"canonical\" href=\"https:\/\/nkaix.com\/politica-de-privacidad\/\" \/>\n<meta property=\"og:locale\" content=\"es_ES\" \/>\n<meta property=\"og:type\" content=\"article\" \/>\n<meta property=\"og:title\" content=\"Pol\u00edtica de Privacidad - Nkaix - On tot encaixa\" \/>\n<meta property=\"og:description\" content=\"POL\u00cdTICA DE PROTECCI\u00d3N DE DATOS DE MOBLES NOGUER SL Introducci\u00f3nEl derecho a la intimidad, y en concreto el derecho a la protecci\u00f3n de datos personales es uno de los valores de MOBLES NOGUER SL. El objetivo de esta pol\u00edtica es explicarle como MOBLES NOGUER SL tratar\u00e1 aquellos datos personales que puedan ser recabados por MOBLES [&hellip;]\" \/>\n<meta property=\"og:url\" content=\"https:\/\/nkaix.com\/politica-de-privacidad\/\" \/>\n<meta property=\"og:site_name\" content=\"Nkaix - On tot encaixa\" \/>\n<meta property=\"article:modified_time\" content=\"2024-09-24T17:20:33+00:00\" \/>\n<meta name=\"twitter:card\" content=\"summary_large_image\" \/>\n<meta name=\"twitter:label1\" content=\"Tiempo de lectura\" \/>\n\t<meta name=\"twitter:data1\" content=\"6 minutos\" \/>\n<script type=\"application\/ld+json\" class=\"yoast-schema-graph\">{\"@context\":\"https:\/\/schema.org\",\"@graph\":[{\"@type\":\"WebPage\",\"@id\":\"https:\/\/nkaix.com\/politica-de-privacidad\/\",\"url\":\"https:\/\/nkaix.com\/politica-de-privacidad\/\",\"name\":\"Pol\u00edtica de Privacidad - Nkaix - On tot encaixa\",\"isPartOf\":{\"@id\":\"https:\/\/nkaix.com\/#website\"},\"datePublished\":\"2023-06-07T09:56:54+00:00\",\"dateModified\":\"2024-09-24T17:20:33+00:00\",\"breadcrumb\":{\"@id\":\"https:\/\/nkaix.com\/politica-de-privacidad\/#breadcrumb\"},\"inLanguage\":\"es\",\"potentialAction\":[{\"@type\":\"ReadAction\",\"target\":[\"https:\/\/nkaix.com\/politica-de-privacidad\/\"]}]},{\"@type\":\"BreadcrumbList\",\"@id\":\"https:\/\/nkaix.com\/politica-de-privacidad\/#breadcrumb\",\"itemListElement\":[{\"@type\":\"ListItem\",\"position\":1,\"name\":\"Home\",\"item\":\"https:\/\/nkaix.com\/es\/\"},{\"@type\":\"ListItem\",\"position\":2,\"name\":\"Pol\u00edtica de Privacidad\"}]},{\"@type\":\"WebSite\",\"@id\":\"https:\/\/nkaix.com\/#website\",\"url\":\"https:\/\/nkaix.com\/\",\"name\":\"Nkaix - On tot encaixa\",\"description\":\"On tot encaixa\",\"publisher\":{\"@id\":\"https:\/\/nkaix.com\/#organization\"},\"potentialAction\":[{\"@type\":\"SearchAction\",\"target\":{\"@type\":\"EntryPoint\",\"urlTemplate\":\"https:\/\/nkaix.com\/?s={search_term_string}\"},\"query-input\":{\"@type\":\"PropertyValueSpecification\",\"valueRequired\":true,\"valueName\":\"search_term_string\"}}],\"inLanguage\":\"es\"},{\"@type\":\"Organization\",\"@id\":\"https:\/\/nkaix.com\/#organization\",\"name\":\"Nkaix - On tot encaixa\",\"url\":\"https:\/\/nkaix.com\/\",\"logo\":{\"@type\":\"ImageObject\",\"inLanguage\":\"es\",\"@id\":\"https:\/\/nkaix.com\/#\/schema\/logo\/image\/\",\"url\":\"https:\/\/nkaix.com\/wp-content\/uploads\/2024\/08\/cropped-iso_tag_groc.png\",\"contentUrl\":\"https:\/\/nkaix.com\/wp-content\/uploads\/2024\/08\/cropped-iso_tag_groc.png\",\"width\":449,\"height\":207,\"caption\":\"Nkaix - On tot encaixa\"},\"image\":{\"@id\":\"https:\/\/nkaix.com\/#\/schema\/logo\/image\/\"}}]}<\/script>\n<!-- \/ Yoast SEO plugin. -->","yoast_head_json":{"title":"Pol\u00edtica de Privacidad - Nkaix - On tot encaixa","robots":{"index":"index","follow":"follow","max-snippet":"max-snippet:-1","max-image-preview":"max-image-preview:large","max-video-preview":"max-video-preview:-1"},"canonical":"https:\/\/nkaix.com\/politica-de-privacidad\/","og_locale":"es_ES","og_type":"article","og_title":"Pol\u00edtica de Privacidad - Nkaix - On tot encaixa","og_description":"POL\u00cdTICA DE PROTECCI\u00d3N DE DATOS DE MOBLES NOGUER SL Introducci\u00f3nEl derecho a la intimidad, y en concreto el derecho a la protecci\u00f3n de datos personales es uno de los valores de MOBLES NOGUER SL. El objetivo de esta pol\u00edtica es explicarle como MOBLES NOGUER SL tratar\u00e1 aquellos datos personales que puedan ser recabados por MOBLES [&hellip;]","og_url":"https:\/\/nkaix.com\/politica-de-privacidad\/","og_site_name":"Nkaix - On tot encaixa","article_modified_time":"2024-09-24T17:20:33+00:00","twitter_card":"summary_large_image","twitter_misc":{"Tiempo de lectura":"6 minutos"},"schema":{"@context":"https:\/\/schema.org","@graph":[{"@type":"WebPage","@id":"https:\/\/nkaix.com\/politica-de-privacidad\/","url":"https:\/\/nkaix.com\/politica-de-privacidad\/","name":"Pol\u00edtica de Privacidad - Nkaix - On tot encaixa","isPartOf":{"@id":"https:\/\/nkaix.com\/#website"},"datePublished":"2023-06-07T09:56:54+00:00","dateModified":"2024-09-24T17:20:33+00:00","breadcrumb":{"@id":"https:\/\/nkaix.com\/politica-de-privacidad\/#breadcrumb"},"inLanguage":"es","potentialAction":[{"@type":"ReadAction","target":["https:\/\/nkaix.com\/politica-de-privacidad\/"]}]},{"@type":"BreadcrumbList","@id":"https:\/\/nkaix.com\/politica-de-privacidad\/#breadcrumb","itemListElement":[{"@type":"ListItem","position":1,"name":"Home","item":"https:\/\/nkaix.com\/es\/"},{"@type":"ListItem","position":2,"name":"Pol\u00edtica de Privacidad"}]},{"@type":"WebSite","@id":"https:\/\/nkaix.com\/#website","url":"https:\/\/nkaix.com\/","name":"Nkaix - On tot encaixa","description":"On tot encaixa","publisher":{"@id":"https:\/\/nkaix.com\/#organization"},"potentialAction":[{"@type":"SearchAction","target":{"@type":"EntryPoint","urlTemplate":"https:\/\/nkaix.com\/?s={search_term_string}"},"query-input":{"@type":"PropertyValueSpecification","valueRequired":true,"valueName":"search_term_string"}}],"inLanguage":"es"},{"@type":"Organization","@id":"https:\/\/nkaix.com\/#organization","name":"Nkaix - On tot encaixa","url":"https:\/\/nkaix.com\/","logo":{"@type":"ImageObject","inLanguage":"es","@id":"https:\/\/nkaix.com\/#\/schema\/logo\/image\/","url":"https:\/\/nkaix.com\/wp-content\/uploads\/2024\/08\/cropped-iso_tag_groc.png","contentUrl":"https:\/\/nkaix.com\/wp-content\/uploads\/2024\/08\/cropped-iso_tag_groc.png","width":449,"height":207,"caption":"Nkaix - On tot encaixa"},"image":{"@id":"https:\/\/nkaix.com\/#\/schema\/logo\/image\/"}}]}},"_links":{"self":[{"href":"https:\/\/nkaix.com\/es\/wp-json\/wp\/v2\/pages\/1013"}],"collection":[{"href":"https:\/\/nkaix.com\/es\/wp-json\/wp\/v2\/pages"}],"about":[{"href":"https:\/\/nkaix.com\/es\/wp-json\/wp\/v2\/types\/page"}],"author":[{"embeddable":true,"href":"https:\/\/nkaix.com\/es\/wp-json\/wp\/v2\/users\/1"}],"replies":[{"embeddable":true,"href":"https:\/\/nkaix.com\/es\/wp-json\/wp\/v2\/comments?post=1013"}],"version-history":[{"count":16,"href":"https:\/\/nkaix.com\/es\/wp-json\/wp\/v2\/pages\/1013\/revisions"}],"predecessor-version":[{"id":1143,"href":"https:\/\/nkaix.com\/es\/wp-json\/wp\/v2\/pages\/1013\/revisions\/1143"}],"wp:attachment":[{"href":"https:\/\/nkaix.com\/es\/wp-json\/wp\/v2\/media?parent=1013"}],"curies":[{"name":"wp","href":"https:\/\/api.w.org\/{rel}","templated":true}]}}